{"id":3147,"date":"2023-05-02T05:55:41","date_gmt":"2023-05-02T05:55:41","guid":{"rendered":"https:\/\/www.direktesalgsforbundet.no\/?page_id=3147"},"modified":"2023-05-02T06:03:09","modified_gmt":"2023-05-02T06:03:09","slug":"personverninerklaering","status":"publish","type":"page","link":"https:\/\/www.direktesalgsforbundet.no\/?page_id=3147","title":{"rendered":"Personverninerkl\u00e6ring"},"content":{"rendered":"\t\t<div data-elementor-type=\"wp-page\" data-elementor-id=\"3147\" class=\"elementor elementor-3147\">\n\t\t\t\t\t\t\t\t\t<section class=\"elementor-section elementor-top-section elementor-element elementor-element-538d5ee5 elementor-section-boxed elementor-section-height-default elementor-section-height-default\" data-id=\"538d5ee5\" data-element_type=\"section\">\n\t\t\t\t\t\t<div class=\"elementor-container elementor-column-gap-default\">\n\t\t\t\t\t<div class=\"elementor-column elementor-col-100 elementor-top-column elementor-element elementor-element-53f6e5de\" data-id=\"53f6e5de\" data-element_type=\"column\">\n\t\t\t<div class=\"elementor-widget-wrap elementor-element-populated\">\n\t\t\t\t\t\t\t\t<div class=\"elementor-element elementor-element-4be9c553 elementor-widget elementor-widget-text-editor\" data-id=\"4be9c553\" data-element_type=\"widget\" data-widget_type=\"text-editor.default\">\n\t\t\t\t<div class=\"elementor-widget-container\">\n\t\t\t<style>\/*! elementor - v3.10.1 - 17-01-2023 *\/\n.elementor-widget-text-editor.elementor-drop-cap-view-stacked .elementor-drop-cap{background-color:#818a91;color:#fff}.elementor-widget-text-editor.elementor-drop-cap-view-framed .elementor-drop-cap{color:#818a91;border:3px solid;background-color:transparent}.elementor-widget-text-editor:not(.elementor-drop-cap-view-default) .elementor-drop-cap{margin-top:8px}.elementor-widget-text-editor:not(.elementor-drop-cap-view-default) .elementor-drop-cap-letter{width:1em;height:1em}.elementor-widget-text-editor .elementor-drop-cap{float:left;text-align:center;line-height:1;font-size:50px}.elementor-widget-text-editor .elementor-drop-cap-letter{display:inline-block}<\/style>\t\t\t\t<p><!-- wp:heading --><\/p>\n<h2 class=\"wp-block-heading\"><strong>Direktesalgsforbundets personvernerkl\u00e6ring<\/strong><\/h2>\n<p><!-- \/wp:heading --><\/p>\n<p><!-- wp:paragraph --><\/p>\n<p>Personopplysninger er opplysninger som kan koples til deg som person. Det kan v\u00e6re navn og kontaktopplysninger, men ogs\u00e5 informasjon som kan knyttes til deg indirekte. Her kan du lese om hvilke personopplysninger Direktesalgsforbundet er ansvarlig for. Det er viktig for oss at du vet hva slags personopplysninger vi behandler, slik at du kan ivareta dine rettigheter etter personvernlovgivingen.<\/p>\n<p>\u00a0<\/p>\n<p><!-- \/wp:paragraph --><\/p>\n<p><!-- wp:paragraph --><\/p>\n<p>Dersom du har sp\u00f8rsm\u00e5l om denne personvernerkl\u00e6ringen eller vurderinger vi har gjort, kan du kontakt oss p\u00e5 <mark class=\"has-inline-color has-ast-global-color-0-color\" style=\"background-color: rgba(0, 0, 0, 0);\">post@direktesalgsforbundet.no<\/mark><\/p>\n<p><mark class=\"has-inline-color has-ast-global-color-0-color\" style=\"background-color: rgba(0, 0, 0, 0);\">\u00a0<\/mark><\/p>\n<p><!-- \/wp:paragraph --><\/p>\n<p><!-- wp:paragraph --><\/p>\n<p><b>Vi behandler i hovedsak opplysninger om deg i f\u00f8lgende tilfeller:<\/b><\/p>\n<p><b>\u00a0<\/b><\/p>\n<p><!-- \/wp:paragraph --><\/p>\n<p><!-- wp:list --><\/p>\n<ul>\n<li style=\"list-style-type: none;\">\n<ul><!-- wp:list-item --><\/ul>\n<\/li>\n<\/ul>\n<p>\u00a0<\/p>\n<ul>\n<li style=\"list-style-type: none;\">\n<ul>\n<li>Du har sendt oss en henvendelse<\/li>\n<\/ul>\n<\/li>\n<\/ul>\n<p><!-- \/wp:list-item --><\/p>\n<p><!-- wp:list-item --><\/p>\n<ul>\n<li style=\"list-style-type: none;\">\n<ul>\n<li>Du har meldt deg p\u00e5 et arrangement eller konkurranse<\/li>\n<\/ul>\n<\/li>\n<\/ul>\n<p><!-- \/wp:list-item --><\/p>\n<p><!-- wp:list-item --><\/p>\n<ul>\n<li style=\"list-style-type: none;\">\n<ul>\n<li>Du abonnerer p\u00e5 v\u00e5rt nyhetsbrev<\/li>\n<\/ul>\n<\/li>\n<\/ul>\n<p><!-- \/wp:list-item --><\/p>\n<p><!-- wp:list-item --><\/p>\n<ul>\n<li style=\"list-style-type: none;\">\n<ul>\n<li>Du er journalist og har tatt kontakt med oss for en uttalelse<\/li>\n<\/ul>\n<\/li>\n<\/ul>\n<p><!-- \/wp:list-item --><\/p>\n<p><!-- wp:list-item --><\/p>\n<ul>\n<li style=\"list-style-type: none;\">\n<ul>\n<li>Du bes\u00f8ker v\u00e5r hjemmeside <mark class=\"has-inline-color has-ast-global-color-0-color\" style=\"background-color: rgba(0, 0, 0, 0);\">www.direktesalgsforbundet.no<\/mark><\/li>\n<\/ul>\n<\/li>\n<\/ul>\n<p><!-- \/wp:list-item --><\/p>\n<p><!-- \/wp:list --><\/p>\n<p><!-- wp:paragraph --><\/p>\n<p><span style=\"font-style: inherit; font-weight: inherit; background-color: var(--ast-global-color-4); color: var(--ast-global-color-3);\">Vi kan ogs\u00e5 motta opplysninger om deg fra andre, i slike tilfeller:<\/span><\/p>\n<p><!-- \/wp:paragraph --><\/p>\n<p><!-- wp:paragraph --><\/p>\n<p>Vi har bedt et medlem eller virksomhet om en redegj\u00f8relse og dine opplysninger fremkommer i denne<\/p>\n<p><!-- \/wp:paragraph --><\/p>\n<p><!-- wp:paragraph --><\/p>\n<p>En avviksmelding inneholder opplysninger om deg<\/p>\n<p><!-- \/wp:paragraph --><\/p>\n<p><!-- wp:paragraph --><\/p>\n<p>En klage, tips eller veiledningssak inneholder opplysninger om deg<\/p>\n<p><!-- \/wp:paragraph --><\/p>\n<p><!-- wp:paragraph --><\/p>\n<p>Du er registrert som v\u00e5r kontaktperson for en virksomhet<\/p>\n<p>\u00a0<\/p>\n<p><!-- \/wp:paragraph --><\/p>\n<p><!-- wp:paragraph --><\/p>\n<p>Direktesalgsforbundet har en IKT-driftsmodell der vi bruker eksterne leverand\u00f8rer til drift og vedlikehold. All infrastruktur og data er lokalisert innenfor EU\/E\u00d8S eller land som oppn\u00e5r et tilstrekkelig beskyttelsesniv\u00e5 i henhold til EU-kommisjonens beslutning.<\/p>\n<p>\u00a0<\/p>\n<p><!-- \/wp:paragraph --><\/p>\n<p><!-- wp:paragraph --><\/p>\n<p><strong>Bes\u00f8k p\u00e5 v\u00e5re nettsider<\/strong><\/p>\n<p><!-- \/wp:paragraph --><\/p>\n<p><!-- wp:paragraph --><\/p>\n<p>Informasjonskapsler er sm\u00e5 tekstfiler som plasseres p\u00e5 datamaskinen din n\u00e5r du laster ned en nettside. Noen av disse er helt n\u00f8dvendige for at ulike tjenester p\u00e5 nettsiden skal fungere.<\/p>\n<p><!-- \/wp:paragraph --><\/p>\n<p><!-- wp:paragraph --><\/p>\n<p>Behandlingsgrunnlaget er anonymt og den berettigede interessen er \u00e5 forbedre og videreutvikle informasjon p\u00e5 nettsidene v\u00e5re.<\/p>\n<p>\u00a0<\/p>\n<p><!-- \/wp:paragraph --><\/p>\n<p><!-- wp:paragraph --><\/p>\n<p><strong>E-post<\/strong><\/p>\n<p><!-- \/wp:paragraph --><\/p>\n<p><!-- wp:paragraph --><\/p>\n<p>Vi benytter e-post for \u00e5 utf\u00f8re v\u00e5re arbeidsoppgaver. E-post vi mottar og svaret vi gir, vil normal bli liggende p\u00e5 maskinen til den som behandler din henvendelse. Vi ber om at s\u00e6rlige kategorier personopplysninger ikke sendes per e-post.<\/p>\n<p>\u00a0<\/p>\n<p><!-- \/wp:paragraph --><\/p>\n<p><!-- wp:paragraph --><\/p>\n<p><strong>Telefon<\/strong><\/p>\n<p><!-- \/wp:paragraph --><\/p>\n<p><!-- wp:paragraph --><\/p>\n<p>Vi loggf\u00f8rer ikke ditt telefonnummer, n\u00e5r du ringte eller samtalens varighet med mindre det er n\u00f8dvendig for \u00e5 behandle din henvendelse p\u00e5 en god og seri\u00f8s m\u00e5te. Ved lagring er det for \u00e5 kunne f\u00f8lge opp telefonsamtalen ved behov, for eksempel for \u00e5 be om mer informasjon eller gi konkrete tilbakemeldinger.<\/p>\n<p>\u00a0<\/p>\n<p><!-- \/wp:paragraph --><\/p>\n<p><!-- wp:paragraph --><\/p>\n<p><strong>Nyhetsbrev fra oss<\/strong><\/p>\n<p><!-- \/wp:paragraph --><\/p>\n<p><!-- wp:paragraph --><\/p>\n<p>For at vi skal kunne sende deg nyhetsbrev p\u00e5 e-post, m\u00e5 du registrere en e-postadresse. E-postadressen vil bare bli brukt til \u00e5 sende ut nyhetsbrev og evt. brukerunders\u00f8kelser om dette. N\u00e5r du melder deg p\u00e5 nyhetsbrevet, samtykker du til v\u00e5r behandling av opplysninger om deg. E-postadressen lagres i en egen database driftet av v\u00e5r leverand\u00f8r: Huset Kommunikasjon AS\/Mailchimp og deles ikke med andre. Din e-postadresse slettes n\u00e5r du melder deg av nyhetsbrevet via Mailchimp.<\/p>\n<p>\u00a0<\/p>\n<p><!-- \/wp:paragraph --><\/p>\n<p><!-- wp:paragraph --><\/p>\n<p>Behandlingsgrunnlaget for behandling av e-postadressen din i tilknytning til nyhetsbrevet v\u00e5rt er personvernforordningen artikkel 6 nr. 1 bokstav a, alts\u00e5 samtykke.<\/p>\n<p>\u00a0<\/p>\n<p><!-- \/wp:paragraph --><\/p>\n<p><!-- wp:paragraph --><\/p>\n<p>Du kan kontakte oss ved \u00e5 sende e-post til: <a href=\"mailto:post@direktesalgsforbundet.no\">post@direktesalgsforbundet.no<\/a> eller brev til: Direktesalgsforbundet, Kniveveien 29, 3036 Drammen.<\/p>\n<p><!-- \/wp:paragraph --><\/p>\n<p><!-- wp:paragraph --><\/p>\n<p>\u00a0<\/p>\n<p><!-- \/wp:paragraph --><\/p>\t\t\t\t\t\t<\/div>\n\t\t\t\t<\/div>\n\t\t\t\t\t<\/div>\n\t\t<\/div>\n\t\t\t\t\t\t\t<\/div>\n\t\t<\/section>\n\t\t\t\t<section class=\"elementor-section elementor-top-section elementor-element elementor-element-eac7587 elementor-section-boxed elementor-section-height-default elementor-section-height-default\" data-id=\"eac7587\" data-element_type=\"section\">\n\t\t\t\t\t\t<div class=\"elementor-container elementor-column-gap-default\">\n\t\t\t\t\t<div class=\"elementor-column elementor-col-100 elementor-top-column elementor-element elementor-element-c6d83f8\" data-id=\"c6d83f8\" data-element_type=\"column\">\n\t\t\t<div class=\"elementor-widget-wrap elementor-element-populated\">\n\t\t\t\t\t\t\t\t<div class=\"elementor-element elementor-element-c769816 elementor-widget elementor-widget-spacer\" data-id=\"c769816\" data-element_type=\"widget\" data-widget_type=\"spacer.default\">\n\t\t\t\t<div class=\"elementor-widget-container\">\n\t\t\t<style>\/*! elementor - v3.10.1 - 17-01-2023 *\/\n.elementor-column .elementor-spacer-inner{height:var(--spacer-size)}.e-con{--container-widget-width:100%}.e-con-inner>.elementor-widget-spacer,.e-con>.elementor-widget-spacer{width:var(--container-widget-width,var(--spacer-size));--align-self:var(--container-widget-align-self,initial);--flex-shrink:0}.e-con-inner>.elementor-widget-spacer>.elementor-widget-container,.e-con-inner>.elementor-widget-spacer>.elementor-widget-container>.elementor-spacer,.e-con>.elementor-widget-spacer>.elementor-widget-container,.e-con>.elementor-widget-spacer>.elementor-widget-container>.elementor-spacer{height:100%}.e-con-inner>.elementor-widget-spacer>.elementor-widget-container>.elementor-spacer>.elementor-spacer-inner,.e-con>.elementor-widget-spacer>.elementor-widget-container>.elementor-spacer>.elementor-spacer-inner{height:var(--container-widget-height,var(--spacer-size))}<\/style>\t\t<div class=\"elementor-spacer\">\n\t\t\t<div class=\"elementor-spacer-inner\"><\/div>\n\t\t<\/div>\n\t\t\t\t<\/div>\n\t\t\t\t<\/div>\n\t\t\t\t\t<\/div>\n\t\t<\/div>\n\t\t\t\t\t\t\t<\/div>\n\t\t<\/section>\n\t\t\t\t\t\t\t<\/div>\n\t\t","protected":false},"excerpt":{"rendered":"<p>Direktesalgsforbundets personvernerkl\u00e6ring Personopplysninger er opplysninger som kan koples til deg som person. Det kan v\u00e6re navn og kontaktopplysninger, men ogs\u00e5 informasjon som kan knyttes til deg indirekte. Her kan du lese om hvilke personopplysninger Direktesalgsforbundet er ansvarlig for. Det er viktig for oss at du vet hva slags personopplysninger vi behandler, slik at du kan &hellip;<\/p>\n<p class=\"read-more\"> <a class=\"\" href=\"https:\/\/www.direktesalgsforbundet.no\/?page_id=3147\"> <span class=\"screen-reader-text\">Personverninerkl\u00e6ring<\/span> Read More &raquo;<\/a><\/p>\n","protected":false},"author":2,"featured_media":0,"parent":0,"menu_order":0,"comment_status":"closed","ping_status":"open","template":"","meta":{"_uag_custom_page_level_css":"","site-sidebar-layout":"default","site-content-layout":"default","ast-global-header-display":"","ast-main-header-display":"","ast-hfb-above-header-display":"","ast-hfb-below-header-display":"","ast-hfb-mobile-header-display":"","site-post-title":"disabled","ast-breadcrumbs-content":"","ast-featured-img":"","footer-sml-layout":"","theme-transparent-header-meta":"","adv-header-id-meta":"","stick-header-meta":"","header-above-stick-meta":"","header-main-stick-meta":"","header-below-stick-meta":"","footnotes":""},"class_list":["post-3147","page","type-page","status-publish","hentry"],"yoast_head":"<!-- This site is optimized with the Yoast SEO plugin v20.10 - https:\/\/yoast.com\/wordpress\/plugins\/seo\/ -->\n<title>Personverninerkl\u00e6ring - Direktesalgsforbundet<\/title>\n<meta name=\"robots\" content=\"index, follow, max-snippet:-1, max-image-preview:large, max-video-preview:-1\" \/>\n<link rel=\"canonical\" href=\"https:\/\/www.direktesalgsforbundet.no\/?page_id=3147\" \/>\n<meta property=\"og:locale\" content=\"en_US\" \/>\n<meta property=\"og:type\" content=\"article\" \/>\n<meta property=\"og:title\" content=\"Personverninerkl\u00e6ring - Direktesalgsforbundet\" \/>\n<meta property=\"og:description\" content=\"Direktesalgsforbundets personvernerkl\u00e6ring Personopplysninger er opplysninger som kan koples til deg som person. Det kan v\u00e6re navn og kontaktopplysninger, men ogs\u00e5 informasjon som kan knyttes til deg indirekte. Her kan du lese om hvilke personopplysninger Direktesalgsforbundet er ansvarlig for. Det er viktig for oss at du vet hva slags personopplysninger vi behandler, slik at du kan &hellip; Personverninerkl\u00e6ring Read More &raquo;\" \/>\n<meta property=\"og:url\" content=\"https:\/\/www.direktesalgsforbundet.no\/?page_id=3147\" \/>\n<meta property=\"og:site_name\" content=\"Direktesalgsforbundet\" \/>\n<meta property=\"article:modified_time\" content=\"2023-05-02T06:03:09+00:00\" \/>\n<meta name=\"twitter:card\" content=\"summary_large_image\" \/>\n<meta name=\"twitter:label1\" content=\"Est. reading time\" \/>\n\t<meta name=\"twitter:data1\" content=\"2 minutes\" \/>\n<script type=\"application\/ld+json\" class=\"yoast-schema-graph\">{\"@context\":\"https:\/\/schema.org\",\"@graph\":[{\"@type\":\"WebPage\",\"@id\":\"https:\/\/www.direktesalgsforbundet.no\/?page_id=3147\",\"url\":\"https:\/\/www.direktesalgsforbundet.no\/?page_id=3147\",\"name\":\"Personverninerkl\u00e6ring - Direktesalgsforbundet\",\"isPartOf\":{\"@id\":\"https:\/\/www.direktesalgsforbundet.no\/#website\"},\"datePublished\":\"2023-05-02T05:55:41+00:00\",\"dateModified\":\"2023-05-02T06:03:09+00:00\",\"breadcrumb\":{\"@id\":\"https:\/\/www.direktesalgsforbundet.no\/?page_id=3147#breadcrumb\"},\"inLanguage\":\"en-US\",\"potentialAction\":[{\"@type\":\"ReadAction\",\"target\":[\"https:\/\/www.direktesalgsforbundet.no\/?page_id=3147\"]}]},{\"@type\":\"BreadcrumbList\",\"@id\":\"https:\/\/www.direktesalgsforbundet.no\/?page_id=3147#breadcrumb\",\"itemListElement\":[{\"@type\":\"ListItem\",\"position\":1,\"name\":\"Home\",\"item\":\"https:\/\/www.direktesalgsforbundet.no\/\"},{\"@type\":\"ListItem\",\"position\":2,\"name\":\"Personverninerkl\u00e6ring\"}]},{\"@type\":\"WebSite\",\"@id\":\"https:\/\/www.direktesalgsforbundet.no\/#website\",\"url\":\"https:\/\/www.direktesalgsforbundet.no\/\",\"name\":\"Direktesalgsforbundet\",\"description\":\"\",\"publisher\":{\"@id\":\"https:\/\/www.direktesalgsforbundet.no\/#organization\"},\"potentialAction\":[{\"@type\":\"SearchAction\",\"target\":{\"@type\":\"EntryPoint\",\"urlTemplate\":\"https:\/\/www.direktesalgsforbundet.no\/?s={search_term_string}\"},\"query-input\":\"required name=search_term_string\"}],\"inLanguage\":\"en-US\"},{\"@type\":\"Organization\",\"@id\":\"https:\/\/www.direktesalgsforbundet.no\/#organization\",\"name\":\"Direktesalgsforbundet\",\"url\":\"https:\/\/www.direktesalgsforbundet.no\/\",\"logo\":{\"@type\":\"ImageObject\",\"inLanguage\":\"en-US\",\"@id\":\"https:\/\/www.direktesalgsforbundet.no\/#\/schema\/logo\/image\/\",\"url\":\"https:\/\/www.direktesalgsforbundet.no\/wp-content\/uploads\/2023\/06\/DF_logo_red_blue.svg\",\"contentUrl\":\"https:\/\/www.direktesalgsforbundet.no\/wp-content\/uploads\/2023\/06\/DF_logo_red_blue.svg\",\"width\":300,\"height\":166,\"caption\":\"Direktesalgsforbundet\"},\"image\":{\"@id\":\"https:\/\/www.direktesalgsforbundet.no\/#\/schema\/logo\/image\/\"}}]}<\/script>\n<!-- \/ Yoast SEO plugin. -->","yoast_head_json":{"title":"Personverninerkl\u00e6ring - Direktesalgsforbundet","robots":{"index":"index","follow":"follow","max-snippet":"max-snippet:-1","max-image-preview":"max-image-preview:large","max-video-preview":"max-video-preview:-1"},"canonical":"https:\/\/www.direktesalgsforbundet.no\/?page_id=3147","og_locale":"en_US","og_type":"article","og_title":"Personverninerkl\u00e6ring - Direktesalgsforbundet","og_description":"Direktesalgsforbundets personvernerkl\u00e6ring Personopplysninger er opplysninger som kan koples til deg som person. Det kan v\u00e6re navn og kontaktopplysninger, men ogs\u00e5 informasjon som kan knyttes til deg indirekte. Her kan du lese om hvilke personopplysninger Direktesalgsforbundet er ansvarlig for. Det er viktig for oss at du vet hva slags personopplysninger vi behandler, slik at du kan &hellip; Personverninerkl\u00e6ring Read More &raquo;","og_url":"https:\/\/www.direktesalgsforbundet.no\/?page_id=3147","og_site_name":"Direktesalgsforbundet","article_modified_time":"2023-05-02T06:03:09+00:00","twitter_card":"summary_large_image","twitter_misc":{"Est. reading time":"2 minutes"},"schema":{"@context":"https:\/\/schema.org","@graph":[{"@type":"WebPage","@id":"https:\/\/www.direktesalgsforbundet.no\/?page_id=3147","url":"https:\/\/www.direktesalgsforbundet.no\/?page_id=3147","name":"Personverninerkl\u00e6ring - Direktesalgsforbundet","isPartOf":{"@id":"https:\/\/www.direktesalgsforbundet.no\/#website"},"datePublished":"2023-05-02T05:55:41+00:00","dateModified":"2023-05-02T06:03:09+00:00","breadcrumb":{"@id":"https:\/\/www.direktesalgsforbundet.no\/?page_id=3147#breadcrumb"},"inLanguage":"en-US","potentialAction":[{"@type":"ReadAction","target":["https:\/\/www.direktesalgsforbundet.no\/?page_id=3147"]}]},{"@type":"BreadcrumbList","@id":"https:\/\/www.direktesalgsforbundet.no\/?page_id=3147#breadcrumb","itemListElement":[{"@type":"ListItem","position":1,"name":"Home","item":"https:\/\/www.direktesalgsforbundet.no\/"},{"@type":"ListItem","position":2,"name":"Personverninerkl\u00e6ring"}]},{"@type":"WebSite","@id":"https:\/\/www.direktesalgsforbundet.no\/#website","url":"https:\/\/www.direktesalgsforbundet.no\/","name":"Direktesalgsforbundet","description":"","publisher":{"@id":"https:\/\/www.direktesalgsforbundet.no\/#organization"},"potentialAction":[{"@type":"SearchAction","target":{"@type":"EntryPoint","urlTemplate":"https:\/\/www.direktesalgsforbundet.no\/?s={search_term_string}"},"query-input":"required name=search_term_string"}],"inLanguage":"en-US"},{"@type":"Organization","@id":"https:\/\/www.direktesalgsforbundet.no\/#organization","name":"Direktesalgsforbundet","url":"https:\/\/www.direktesalgsforbundet.no\/","logo":{"@type":"ImageObject","inLanguage":"en-US","@id":"https:\/\/www.direktesalgsforbundet.no\/#\/schema\/logo\/image\/","url":"https:\/\/www.direktesalgsforbundet.no\/wp-content\/uploads\/2023\/06\/DF_logo_red_blue.svg","contentUrl":"https:\/\/www.direktesalgsforbundet.no\/wp-content\/uploads\/2023\/06\/DF_logo_red_blue.svg","width":300,"height":166,"caption":"Direktesalgsforbundet"},"image":{"@id":"https:\/\/www.direktesalgsforbundet.no\/#\/schema\/logo\/image\/"}}]}},"uagb_featured_image_src":{"full":false,"thumbnail":false,"medium":false,"medium_large":false,"large":false,"1536x1536":false,"2048x2048":false,"alm-thumbnail":false},"uagb_author_info":{"display_name":"Huset Dev","author_link":"https:\/\/www.direktesalgsforbundet.no\/?author=2"},"uagb_comment_info":0,"uagb_excerpt":"Direktesalgsforbundets personvernerkl\u00e6ring Personopplysninger er opplysninger som kan koples til deg som person. Det kan v\u00e6re navn og kontaktopplysninger, men ogs\u00e5 informasjon som kan knyttes til deg indirekte. Her kan du lese om hvilke personopplysninger Direktesalgsforbundet er ansvarlig for. Det er viktig for oss at du vet hva slags personopplysninger vi behandler, slik at du kan&hellip;","_links":{"self":[{"href":"https:\/\/www.direktesalgsforbundet.no\/index.php?rest_route=\/wp\/v2\/pages\/3147","targetHints":{"allow":["GET"]}}],"collection":[{"href":"https:\/\/www.direktesalgsforbundet.no\/index.php?rest_route=\/wp\/v2\/pages"}],"about":[{"href":"https:\/\/www.direktesalgsforbundet.no\/index.php?rest_route=\/wp\/v2\/types\/page"}],"author":[{"embeddable":true,"href":"https:\/\/www.direktesalgsforbundet.no\/index.php?rest_route=\/wp\/v2\/users\/2"}],"replies":[{"embeddable":true,"href":"https:\/\/www.direktesalgsforbundet.no\/index.php?rest_route=%2Fwp%2Fv2%2Fcomments&post=3147"}],"version-history":[{"count":7,"href":"https:\/\/www.direktesalgsforbundet.no\/index.php?rest_route=\/wp\/v2\/pages\/3147\/revisions"}],"predecessor-version":[{"id":3155,"href":"https:\/\/www.direktesalgsforbundet.no\/index.php?rest_route=\/wp\/v2\/pages\/3147\/revisions\/3155"}],"wp:attachment":[{"href":"https:\/\/www.direktesalgsforbundet.no\/index.php?rest_route=%2Fwp%2Fv2%2Fmedia&parent=3147"}],"curies":[{"name":"wp","href":"https:\/\/api.w.org\/{rel}","templated":true}]}}