{"id":2106,"date":"2023-02-21T21:32:23","date_gmt":"2023-02-21T21:32:23","guid":{"rendered":"https:\/\/dev.huset.no\/?page_id=2106"},"modified":"2023-02-22T13:11:55","modified_gmt":"2023-02-22T13:11:55","slug":"vil-du-bli-direkteselger","status":"publish","type":"page","link":"https:\/\/www.direktesalgsforbundet.no\/?page_id=2106","title":{"rendered":"Vil du bli direkteselger"},"content":{"rendered":"\t\t<div data-elementor-type=\"wp-page\" data-elementor-id=\"2106\" class=\"elementor elementor-2106\">\n\t\t\t\t\t\t\t\t\t<section class=\"elementor-section elementor-top-section elementor-element elementor-element-6f8c705c elementor-section-boxed elementor-section-height-default elementor-section-height-default\" data-id=\"6f8c705c\" data-element_type=\"section\">\n\t\t\t\t\t\t<div class=\"elementor-container elementor-column-gap-default\">\n\t\t\t\t\t<div class=\"elementor-column elementor-col-100 elementor-top-column elementor-element elementor-element-116578a6\" data-id=\"116578a6\" data-element_type=\"column\">\n\t\t\t<div class=\"elementor-widget-wrap elementor-element-populated\">\n\t\t\t\t\t\t\t\t<div class=\"elementor-element elementor-element-39d7f443 elementor-widget elementor-widget-text-editor\" data-id=\"39d7f443\" data-element_type=\"widget\" data-widget_type=\"text-editor.default\">\n\t\t\t\t<div class=\"elementor-widget-container\">\n\t\t\t<style>\/*! elementor - v3.10.1 - 17-01-2023 *\/\n.elementor-widget-text-editor.elementor-drop-cap-view-stacked .elementor-drop-cap{background-color:#818a91;color:#fff}.elementor-widget-text-editor.elementor-drop-cap-view-framed .elementor-drop-cap{color:#818a91;border:3px solid;background-color:transparent}.elementor-widget-text-editor:not(.elementor-drop-cap-view-default) .elementor-drop-cap{margin-top:8px}.elementor-widget-text-editor:not(.elementor-drop-cap-view-default) .elementor-drop-cap-letter{width:1em;height:1em}.elementor-widget-text-editor .elementor-drop-cap{float:left;text-align:center;line-height:1;font-size:50px}.elementor-widget-text-editor .elementor-drop-cap-letter{display:inline-block}<\/style>\t\t\t\t<p><!-- wp:heading {\"level\":3} --><\/p>\n<p>En direkteselger f\u00e5r god st\u00f8tte og oppl\u00e6ring av sin leverand\u00f8r. Derfor kjenner selgeren det som tilbys godt og kan gi god personlig service. Selgeren er stolt av sine produkter, og det legger grunnlaget for en sunn forretningsdrift. Det skal alltid v\u00e6re trygt og behagelig \u00e5 handle av en direkteselger.<\/p>\n<p><!-- \/wp:paragraph --><\/p>\t\t\t\t\t\t<\/div>\n\t\t\t\t<\/div>\n\t\t\t\t<div class=\"elementor-element elementor-element-bf3e8bf elementor-widget elementor-widget-spacer\" data-id=\"bf3e8bf\" data-element_type=\"widget\" data-widget_type=\"spacer.default\">\n\t\t\t\t<div class=\"elementor-widget-container\">\n\t\t\t<style>\/*! elementor - v3.10.1 - 17-01-2023 *\/\n.elementor-column .elementor-spacer-inner{height:var(--spacer-size)}.e-con{--container-widget-width:100%}.e-con-inner>.elementor-widget-spacer,.e-con>.elementor-widget-spacer{width:var(--container-widget-width,var(--spacer-size));--align-self:var(--container-widget-align-self,initial);--flex-shrink:0}.e-con-inner>.elementor-widget-spacer>.elementor-widget-container,.e-con-inner>.elementor-widget-spacer>.elementor-widget-container>.elementor-spacer,.e-con>.elementor-widget-spacer>.elementor-widget-container,.e-con>.elementor-widget-spacer>.elementor-widget-container>.elementor-spacer{height:100%}.e-con-inner>.elementor-widget-spacer>.elementor-widget-container>.elementor-spacer>.elementor-spacer-inner,.e-con>.elementor-widget-spacer>.elementor-widget-container>.elementor-spacer>.elementor-spacer-inner{height:var(--container-widget-height,var(--spacer-size))}<\/style>\t\t<div class=\"elementor-spacer\">\n\t\t\t<div class=\"elementor-spacer-inner\"><\/div>\n\t\t<\/div>\n\t\t\t\t<\/div>\n\t\t\t\t<\/div>\n\t\t\t\t<div class=\"elementor-element elementor-element-942ac22 elementor-widget elementor-widget-heading\" data-id=\"942ac22\" data-element_type=\"widget\" data-widget_type=\"heading.default\">\n\t\t\t\t<div class=\"elementor-widget-container\">\n\t\t\t<style>\/*! elementor - v3.10.1 - 17-01-2023 *\/\n.elementor-heading-title{padding:0;margin:0;line-height:1}.elementor-widget-heading .elementor-heading-title[class*=elementor-size-]>a{color:inherit;font-size:inherit;line-height:inherit}.elementor-widget-heading .elementor-heading-title.elementor-size-small{font-size:15px}.elementor-widget-heading .elementor-heading-title.elementor-size-medium{font-size:19px}.elementor-widget-heading .elementor-heading-title.elementor-size-large{font-size:29px}.elementor-widget-heading .elementor-heading-title.elementor-size-xl{font-size:39px}.elementor-widget-heading .elementor-heading-title.elementor-size-xxl{font-size:59px}<\/style><h2 class=\"elementor-heading-title elementor-size-default\">Direktesalg har plass til alle<\/h2>\t\t<\/div>\n\t\t\t\t<\/div>\n\t\t\t\t<div class=\"elementor-element elementor-element-304f1df elementor-widget elementor-widget-text-editor\" data-id=\"304f1df\" data-element_type=\"widget\" data-widget_type=\"text-editor.default\">\n\t\t\t\t<div class=\"elementor-widget-container\">\n\t\t\t\t\t\t\t<p><!-- wp:heading {\"level\":3} --><\/p>\n<p>Vi har alle v\u00e5re ambisjoner, m\u00e5l og dr\u00f8mmer. Innen direktesalg kan du n\u00e5 disse. Men det krever b\u00e5de t\u00e5lmodighet, innsatsvilje og m\u00e5lrettet arbeid.<\/p>\n<p>\u00a0<\/p>\n<p><!-- \/wp:paragraph --><\/p>\n<p><!-- wp:paragraph --><\/p>\n<p>De fleste velger direktesalg som en deltidsjobb. (Ca. 80% arbeider deltid i bransjen). Det kan v\u00e6re ved siden av den ordin\u00e6re plassen i arbeidslivet \u2013 eller i en krevende livssituasjon der du har behov for \u00e5, eller m\u00e5, omorganisere hverdagen. Noen vil rett og slett jobbe mindre \u2013 og jobbe n\u00e5r det passer dem. Ingen annen bransje kan gi deg en st\u00f8rre mulighet til \u00e5 tilpasse ditt arbeidsliv til dine behov.<\/p>\n<p><!-- \/wp:paragraph --><\/p>\n<p><!-- wp:paragraph --><\/p>\n<p>\u00a0<\/p>\n<p>En direkteselger kj\u00f8per produktene av selskapet han\/hun har avtale med, for s\u00e5 \u00e5 selge disse videre til sluttbruker. Direkteselgeren bestemmer selv prisen p\u00e5 produktet, og har ansvaret for sine egne driftsomkostninger.<\/p>\n<p><!-- \/wp:paragraph --><\/p>\n<p><!-- wp:paragraph --><\/p>\n<p>\u00a0<\/p>\n<p>MLM inneb\u00e6rer at selgeren kan bygge opp en organisasjon av selgere under seg.<\/p>\n<p>\u00a0<\/p>\n<p><!-- \/wp:paragraph --><\/p>\n<p><!-- wp:paragraph --><\/p>\n<p>Som selger tjener du p\u00e5 utf\u00f8rt salg, og eventuelt p\u00e5 salg foretatt av andre personer du har rekruttert som samarbeidspartnere. Det er med p\u00e5 \u00e5 gi en unik og viktig kontinuitet og oppf\u00f8lging i hele salgsstrukturen, noe som spesielt nye i bransjen har glede av.<\/p>\n<p>\u00a0<\/p>\n<p><!-- \/wp:paragraph --><\/p>\n<p><!-- wp:paragraph --><\/p>\n<p>Det finnes i realiteten ingen grenser for hvor langt man kan komme uten spesifikk utdanning, investeringer, sivil bakgrunn eller bransjeerfaring.<\/p>\n<p>\u00a0<\/p>\n<p><!-- \/wp:paragraph --><\/p>\n<p><!-- wp:paragraph --><\/p>\n<p>Dersom du har blitt st\u00e5ende utenfor arbeidslivet, representerer bransjen en unik mulighet.<\/p>\n<p><!-- \/wp:paragraph --><\/p>\t\t\t\t\t\t<\/div>\n\t\t\t\t<\/div>\n\t\t\t\t<div class=\"elementor-element elementor-element-d07cb1a elementor-widget elementor-widget-spacer\" data-id=\"d07cb1a\" data-element_type=\"widget\" data-widget_type=\"spacer.default\">\n\t\t\t\t<div class=\"elementor-widget-container\">\n\t\t\t\t\t<div class=\"elementor-spacer\">\n\t\t\t<div class=\"elementor-spacer-inner\"><\/div>\n\t\t<\/div>\n\t\t\t\t<\/div>\n\t\t\t\t<\/div>\n\t\t\t\t<div class=\"elementor-element elementor-element-e85ff3e elementor-widget__width-initial elementor-widget elementor-widget-wpforms\" data-id=\"e85ff3e\" data-element_type=\"widget\" data-widget_type=\"wpforms.default\">\n\t\t\t\t<div class=\"elementor-widget-container\">\n\t\t\t<!-- WPForms: no fields, form hidden -->\t\t<\/div>\n\t\t\t\t<\/div>\n\t\t\t\t<div class=\"elementor-element elementor-element-d46da72 elementor-widget elementor-widget-spacer\" data-id=\"d46da72\" data-element_type=\"widget\" data-widget_type=\"spacer.default\">\n\t\t\t\t<div class=\"elementor-widget-container\">\n\t\t\t\t\t<div class=\"elementor-spacer\">\n\t\t\t<div class=\"elementor-spacer-inner\"><\/div>\n\t\t<\/div>\n\t\t\t\t<\/div>\n\t\t\t\t<\/div>\n\t\t\t\t\t<\/div>\n\t\t<\/div>\n\t\t\t\t\t\t\t<\/div>\n\t\t<\/section>\n\t\t\t\t\t\t\t<\/div>\n\t\t","protected":false},"excerpt":{"rendered":"<p>En direkteselger f\u00e5r god st\u00f8tte og oppl\u00e6ring av sin leverand\u00f8r. Derfor kjenner selgeren det som tilbys godt og kan gi god personlig service. Selgeren er stolt av sine produkter, og det legger grunnlaget for en sunn forretningsdrift. Det skal alltid v\u00e6re trygt og behagelig \u00e5 handle av en direkteselger. Direktesalg har plass til alle Vi &hellip;<\/p>\n<p class=\"read-more\"> <a class=\"\" href=\"https:\/\/www.direktesalgsforbundet.no\/?page_id=2106\"> <span class=\"screen-reader-text\">Vil du bli direkteselger<\/span> Read More &raquo;<\/a><\/p>\n","protected":false},"author":2,"featured_media":2264,"parent":0,"menu_order":0,"comment_status":"closed","ping_status":"closed","template":"","meta":{"_uag_custom_page_level_css":"","site-sidebar-layout":"default","site-content-layout":"default","ast-global-header-display":"","ast-main-header-display":"","ast-hfb-above-header-display":"","ast-hfb-below-header-display":"","ast-hfb-mobile-header-display":"","site-post-title":"disabled","ast-breadcrumbs-content":"","ast-featured-img":"","footer-sml-layout":"","theme-transparent-header-meta":"","adv-header-id-meta":"","stick-header-meta":"","header-above-stick-meta":"","header-main-stick-meta":"","header-below-stick-meta":"","footnotes":""},"class_list":["post-2106","page","type-page","status-publish","has-post-thumbnail","hentry"],"yoast_head":"<!-- This site is optimized with the Yoast SEO plugin v20.10 - https:\/\/yoast.com\/wordpress\/plugins\/seo\/ -->\n<title>Vil du bli direkteselger - Direktesalgsforbundet<\/title>\n<meta name=\"robots\" content=\"index, follow, max-snippet:-1, max-image-preview:large, max-video-preview:-1\" \/>\n<link rel=\"canonical\" href=\"https:\/\/www.direktesalgsforbundet.no\/?page_id=2106\" \/>\n<meta property=\"og:locale\" content=\"en_US\" \/>\n<meta property=\"og:type\" content=\"article\" \/>\n<meta property=\"og:title\" content=\"Vil du bli direkteselger - Direktesalgsforbundet\" \/>\n<meta property=\"og:description\" content=\"En direkteselger f\u00e5r god st\u00f8tte og oppl\u00e6ring av sin leverand\u00f8r. Derfor kjenner selgeren det som tilbys godt og kan gi god personlig service. Selgeren er stolt av sine produkter, og det legger grunnlaget for en sunn forretningsdrift. Det skal alltid v\u00e6re trygt og behagelig \u00e5 handle av en direkteselger. Direktesalg har plass til alle Vi &hellip; Vil du bli direkteselger Read More &raquo;\" \/>\n<meta property=\"og:url\" content=\"https:\/\/www.direktesalgsforbundet.no\/?page_id=2106\" \/>\n<meta property=\"og:site_name\" content=\"Direktesalgsforbundet\" \/>\n<meta property=\"article:modified_time\" content=\"2023-02-22T13:11:55+00:00\" \/>\n<meta property=\"og:image\" content=\"https:\/\/www.direktesalgsforbundet.no\/wp-content\/uploads\/2023\/02\/Vil-du-bli-direkteselger.png\" \/>\n\t<meta property=\"og:image:width\" content=\"1554\" \/>\n\t<meta property=\"og:image:height\" content=\"800\" \/>\n\t<meta property=\"og:image:type\" content=\"image\/png\" \/>\n<meta name=\"twitter:card\" content=\"summary_large_image\" \/>\n<meta name=\"twitter:label1\" content=\"Est. reading time\" \/>\n\t<meta name=\"twitter:data1\" content=\"1 minute\" \/>\n<script type=\"application\/ld+json\" class=\"yoast-schema-graph\">{\"@context\":\"https:\/\/schema.org\",\"@graph\":[{\"@type\":\"WebPage\",\"@id\":\"https:\/\/www.direktesalgsforbundet.no\/?page_id=2106\",\"url\":\"https:\/\/www.direktesalgsforbundet.no\/?page_id=2106\",\"name\":\"Vil du bli direkteselger - Direktesalgsforbundet\",\"isPartOf\":{\"@id\":\"https:\/\/www.direktesalgsforbundet.no\/#website\"},\"datePublished\":\"2023-02-21T21:32:23+00:00\",\"dateModified\":\"2023-02-22T13:11:55+00:00\",\"breadcrumb\":{\"@id\":\"https:\/\/www.direktesalgsforbundet.no\/?page_id=2106#breadcrumb\"},\"inLanguage\":\"en-US\",\"potentialAction\":[{\"@type\":\"ReadAction\",\"target\":[\"https:\/\/www.direktesalgsforbundet.no\/?page_id=2106\"]}]},{\"@type\":\"BreadcrumbList\",\"@id\":\"https:\/\/www.direktesalgsforbundet.no\/?page_id=2106#breadcrumb\",\"itemListElement\":[{\"@type\":\"ListItem\",\"position\":1,\"name\":\"Home\",\"item\":\"https:\/\/www.direktesalgsforbundet.no\/\"},{\"@type\":\"ListItem\",\"position\":2,\"name\":\"Vil du bli direkteselger\"}]},{\"@type\":\"WebSite\",\"@id\":\"https:\/\/www.direktesalgsforbundet.no\/#website\",\"url\":\"https:\/\/www.direktesalgsforbundet.no\/\",\"name\":\"Direktesalgsforbundet\",\"description\":\"\",\"publisher\":{\"@id\":\"https:\/\/www.direktesalgsforbundet.no\/#organization\"},\"potentialAction\":[{\"@type\":\"SearchAction\",\"target\":{\"@type\":\"EntryPoint\",\"urlTemplate\":\"https:\/\/www.direktesalgsforbundet.no\/?s={search_term_string}\"},\"query-input\":\"required name=search_term_string\"}],\"inLanguage\":\"en-US\"},{\"@type\":\"Organization\",\"@id\":\"https:\/\/www.direktesalgsforbundet.no\/#organization\",\"name\":\"Direktesalgsforbundet\",\"url\":\"https:\/\/www.direktesalgsforbundet.no\/\",\"logo\":{\"@type\":\"ImageObject\",\"inLanguage\":\"en-US\",\"@id\":\"https:\/\/www.direktesalgsforbundet.no\/#\/schema\/logo\/image\/\",\"url\":\"https:\/\/www.direktesalgsforbundet.no\/wp-content\/uploads\/2023\/06\/DF_logo_red_blue.svg\",\"contentUrl\":\"https:\/\/www.direktesalgsforbundet.no\/wp-content\/uploads\/2023\/06\/DF_logo_red_blue.svg\",\"width\":300,\"height\":166,\"caption\":\"Direktesalgsforbundet\"},\"image\":{\"@id\":\"https:\/\/www.direktesalgsforbundet.no\/#\/schema\/logo\/image\/\"}}]}<\/script>\n<!-- \/ Yoast SEO plugin. -->","yoast_head_json":{"title":"Vil du bli direkteselger - Direktesalgsforbundet","robots":{"index":"index","follow":"follow","max-snippet":"max-snippet:-1","max-image-preview":"max-image-preview:large","max-video-preview":"max-video-preview:-1"},"canonical":"https:\/\/www.direktesalgsforbundet.no\/?page_id=2106","og_locale":"en_US","og_type":"article","og_title":"Vil du bli direkteselger - Direktesalgsforbundet","og_description":"En direkteselger f\u00e5r god st\u00f8tte og oppl\u00e6ring av sin leverand\u00f8r. Derfor kjenner selgeren det som tilbys godt og kan gi god personlig service. Selgeren er stolt av sine produkter, og det legger grunnlaget for en sunn forretningsdrift. Det skal alltid v\u00e6re trygt og behagelig \u00e5 handle av en direkteselger. Direktesalg har plass til alle Vi &hellip; Vil du bli direkteselger Read More &raquo;","og_url":"https:\/\/www.direktesalgsforbundet.no\/?page_id=2106","og_site_name":"Direktesalgsforbundet","article_modified_time":"2023-02-22T13:11:55+00:00","og_image":[{"width":1554,"height":800,"url":"https:\/\/www.direktesalgsforbundet.no\/wp-content\/uploads\/2023\/02\/Vil-du-bli-direkteselger.png","type":"image\/png"}],"twitter_card":"summary_large_image","twitter_misc":{"Est. reading time":"1 minute"},"schema":{"@context":"https:\/\/schema.org","@graph":[{"@type":"WebPage","@id":"https:\/\/www.direktesalgsforbundet.no\/?page_id=2106","url":"https:\/\/www.direktesalgsforbundet.no\/?page_id=2106","name":"Vil du bli direkteselger - Direktesalgsforbundet","isPartOf":{"@id":"https:\/\/www.direktesalgsforbundet.no\/#website"},"datePublished":"2023-02-21T21:32:23+00:00","dateModified":"2023-02-22T13:11:55+00:00","breadcrumb":{"@id":"https:\/\/www.direktesalgsforbundet.no\/?page_id=2106#breadcrumb"},"inLanguage":"en-US","potentialAction":[{"@type":"ReadAction","target":["https:\/\/www.direktesalgsforbundet.no\/?page_id=2106"]}]},{"@type":"BreadcrumbList","@id":"https:\/\/www.direktesalgsforbundet.no\/?page_id=2106#breadcrumb","itemListElement":[{"@type":"ListItem","position":1,"name":"Home","item":"https:\/\/www.direktesalgsforbundet.no\/"},{"@type":"ListItem","position":2,"name":"Vil du bli direkteselger"}]},{"@type":"WebSite","@id":"https:\/\/www.direktesalgsforbundet.no\/#website","url":"https:\/\/www.direktesalgsforbundet.no\/","name":"Direktesalgsforbundet","description":"","publisher":{"@id":"https:\/\/www.direktesalgsforbundet.no\/#organization"},"potentialAction":[{"@type":"SearchAction","target":{"@type":"EntryPoint","urlTemplate":"https:\/\/www.direktesalgsforbundet.no\/?s={search_term_string}"},"query-input":"required name=search_term_string"}],"inLanguage":"en-US"},{"@type":"Organization","@id":"https:\/\/www.direktesalgsforbundet.no\/#organization","name":"Direktesalgsforbundet","url":"https:\/\/www.direktesalgsforbundet.no\/","logo":{"@type":"ImageObject","inLanguage":"en-US","@id":"https:\/\/www.direktesalgsforbundet.no\/#\/schema\/logo\/image\/","url":"https:\/\/www.direktesalgsforbundet.no\/wp-content\/uploads\/2023\/06\/DF_logo_red_blue.svg","contentUrl":"https:\/\/www.direktesalgsforbundet.no\/wp-content\/uploads\/2023\/06\/DF_logo_red_blue.svg","width":300,"height":166,"caption":"Direktesalgsforbundet"},"image":{"@id":"https:\/\/www.direktesalgsforbundet.no\/#\/schema\/logo\/image\/"}}]}},"uagb_featured_image_src":{"full":["https:\/\/www.direktesalgsforbundet.no\/wp-content\/uploads\/2023\/02\/Vil-du-bli-direkteselger.png",1554,800,false],"thumbnail":["https:\/\/www.direktesalgsforbundet.no\/wp-content\/uploads\/2023\/02\/Vil-du-bli-direkteselger-150x150.png",150,150,true],"medium":["https:\/\/www.direktesalgsforbundet.no\/wp-content\/uploads\/2023\/02\/Vil-du-bli-direkteselger-300x154.png",300,154,true],"medium_large":["https:\/\/www.direktesalgsforbundet.no\/wp-content\/uploads\/2023\/02\/Vil-du-bli-direkteselger-768x395.png",768,395,true],"large":["https:\/\/www.direktesalgsforbundet.no\/wp-content\/uploads\/2023\/02\/Vil-du-bli-direkteselger-1024x527.png",1024,527,true],"1536x1536":["https:\/\/www.direktesalgsforbundet.no\/wp-content\/uploads\/2023\/02\/Vil-du-bli-direkteselger-1536x791.png",1536,791,true],"2048x2048":["https:\/\/www.direktesalgsforbundet.no\/wp-content\/uploads\/2023\/02\/Vil-du-bli-direkteselger.png",1554,800,false],"alm-thumbnail":["https:\/\/www.direktesalgsforbundet.no\/wp-content\/uploads\/2023\/02\/Vil-du-bli-direkteselger.png",150,77,false]},"uagb_author_info":{"display_name":"Huset Dev","author_link":"https:\/\/www.direktesalgsforbundet.no\/?author=2"},"uagb_comment_info":0,"uagb_excerpt":"En direkteselger f\u00e5r god st\u00f8tte og oppl\u00e6ring av sin leverand\u00f8r. Derfor kjenner selgeren det som tilbys godt og kan gi god personlig service. Selgeren er stolt av sine produkter, og det legger grunnlaget for en sunn forretningsdrift. Det skal alltid v\u00e6re trygt og behagelig \u00e5 handle av en direkteselger. Direktesalg har plass til alle Vi&hellip;","_links":{"self":[{"href":"https:\/\/www.direktesalgsforbundet.no\/index.php?rest_route=\/wp\/v2\/pages\/2106","targetHints":{"allow":["GET"]}}],"collection":[{"href":"https:\/\/www.direktesalgsforbundet.no\/index.php?rest_route=\/wp\/v2\/pages"}],"about":[{"href":"https:\/\/www.direktesalgsforbundet.no\/index.php?rest_route=\/wp\/v2\/types\/page"}],"author":[{"embeddable":true,"href":"https:\/\/www.direktesalgsforbundet.no\/index.php?rest_route=\/wp\/v2\/users\/2"}],"replies":[{"embeddable":true,"href":"https:\/\/www.direktesalgsforbundet.no\/index.php?rest_route=%2Fwp%2Fv2%2Fcomments&post=2106"}],"version-history":[{"count":25,"href":"https:\/\/www.direktesalgsforbundet.no\/index.php?rest_route=\/wp\/v2\/pages\/2106\/revisions"}],"predecessor-version":[{"id":2274,"href":"https:\/\/www.direktesalgsforbundet.no\/index.php?rest_route=\/wp\/v2\/pages\/2106\/revisions\/2274"}],"wp:featuredmedia":[{"embeddable":true,"href":"https:\/\/www.direktesalgsforbundet.no\/index.php?rest_route=\/wp\/v2\/media\/2264"}],"wp:attachment":[{"href":"https:\/\/www.direktesalgsforbundet.no\/index.php?rest_route=%2Fwp%2Fv2%2Fmedia&parent=2106"}],"curies":[{"name":"wp","href":"https:\/\/api.w.org\/{rel}","templated":true}]}}